{"id":2739,"date":"2016-09-17T23:30:03","date_gmt":"2016-09-17T20:30:03","guid":{"rendered":"http:\/\/rt19-demo7.rtthemes.com\/?page_id=2739"},"modified":"2016-10-24T02:10:37","modified_gmt":"2016-10-23T23:10:37","slug":"urunlerimiz","status":"publish","type":"page","link":"http:\/\/www.tetraenerji.com.tr\/?page_id=2739","title":{"rendered":"\u00dcR\u00dcNLER\u0130M\u0130Z"},"content":{"rendered":"<p>[vc_row rt_row_background_width=&#8221;default&#8221; rt_row_style=&#8221;default-style&#8221; rt_row_borders=&#8221;&#8221; rt_row_paddings=&#8221;true&#8221; rt_bg_effect=&#8221;classic&#8221; rt_bg_image_repeat=&#8221;repeat&#8221; rt_bg_size=&#8221;cover&#8221; rt_bg_position=&#8221;right top&#8221; rt_bg_attachment=&#8221;scroll&#8221; rt_bg_video_format=&#8221;self-hosted&#8221; rt_padding_top=&#8221;0&#8243;][vc_column rt_wrp_col_paddings=&#8221;false&#8221; rt_border_top=&#8221;&#8221; rt_border_bottom=&#8221;&#8221; rt_border_left=&#8221;&#8221; rt_border_right=&#8221;&#8221; rt_border_top_mobile=&#8221;&#8221; rt_border_bottom_mobile=&#8221;&#8221; rt_border_left_mobile=&#8221;&#8221; rt_border_right_mobile=&#8221;&#8221; rt_bg_image_repeat=&#8221;repeat&#8221; rt_bg_size=&#8221;auto auto&#8221; rt_bg_position=&#8221;right top&#8221; rt_bg_attachment=&#8221;scroll&#8221; rt_padding_top=&#8221;0&#8243;]\n<div id=\"product-dynamicID-407316\" class=\"product_holder product-showcase clearfix  masonry\" data-column-width=\"2\">\n<div class=\"col product_item_holder col-sm-6 isotope-item  fotovoltaik-moduller ince-film-super-serisi\">\n\n<div class=\"product_item_holder\">\n\n\t\t\t<div class=\"featured_image\"> \n\t\t\t<!-- product image -->\n\t\t\t<div class=\"featured_image\"> \n\t\t\t\t<a href=\"http:\/\/www.tetraenerji.com.tr\/?products=ince-film-super-serisi\" title=\"\u0130NCE F\u0130LM S\u00dcPER SER\u0130S\u0130\" rel=\"bookmark\" class=\"imgeffect link\"><img decoding=\"async\" src=\"http:\/\/www.tetraenerji.com.tr\/wp-content\/uploads\/2016\/10\/51-640x787.jpg\" alt=\"\" class=\"\" \/><\/a> \n\t\t\t<\/div> \n\t\t<\/div> \n\t\n\n\t\n\t\t\t\t\t\t\n\t\t<div class=\"product_info\">\n\n\t\t\t\t\t\t\t\t<!-- title-->\n\t\t\t\t<h5 class=\"clean_heading\"><a href=\"http:\/\/www.tetraenerji.com.tr\/?products=ince-film-super-serisi\" title=\"\u0130NCE F\u0130LM S\u00dcPER SER\u0130S\u0130\" rel=\"bookmark\">\u0130NCE F\u0130LM S\u00dcPER SER\u0130S\u0130<\/a><\/h5>\n\t\t\t\t\n\t\t\t\t<!-- text-->\n\t\t\t\t\n\t\t\t\t<div class=\"product_info_footer clearfix\"><div class=\"action_buttons\"><a href=\"http:\/\/www.tetraenerji.com.tr\/?products=ince-film-super-serisi\" title=\"\u0130NCE F\u0130LM S\u00dcPER SER\u0130S\u0130\" class=\"details icon-angle-right\">Details<\/a><\/div><\/div> \t\t\n\n\t\t<\/div>\n\t\t\n\n\t\n<\/div><\/div>\n<div class=\"col product_item_holder col-sm-6 isotope-item  fotovoltaik-moduller polikristal-serisi\">\n\n<div class=\"product_item_holder\">\n\n\t\t\t<div class=\"featured_image\"> \n\t\t\t<!-- product image -->\n\t\t\t<div class=\"featured_image\"> \n\t\t\t\t<a href=\"http:\/\/www.tetraenerji.com.tr\/?products=tet-250-60p\" title=\"TET 250-60P\" rel=\"bookmark\" class=\"imgeffect link\"><img decoding=\"async\" src=\"http:\/\/www.tetraenerji.com.tr\/wp-content\/uploads\/2016\/10\/124-640x852.jpg\" alt=\"\" class=\"\" \/><\/a> \n\t\t\t<\/div> \n\t\t<\/div> \n\t\n\n\t\n\t\t\t\t\t\t\n\t\t<div class=\"product_info\">\n\n\t\t\t\t\t\t\t\t<!-- title-->\n\t\t\t\t<h5 class=\"clean_heading\"><a href=\"http:\/\/www.tetraenerji.com.tr\/?products=tet-250-60p\" title=\"TET 250-60P\" rel=\"bookmark\">TET 250-60P<\/a><\/h5>\n\t\t\t\t\n\t\t\t\t<!-- text-->\n\t\t\t\t\n\t\t\t\t<div class=\"product_info_footer clearfix\"><div class=\"action_buttons\"><a href=\"http:\/\/www.tetraenerji.com.tr\/?products=tet-250-60p\" title=\"TET 250-60P\" class=\"details icon-angle-right\">Details<\/a><\/div><\/div> \t\t\n\n\t\t<\/div>\n\t\t\n\n\t\n<\/div><\/div>\n<div class=\"col product_item_holder col-sm-6 isotope-item  fotovoltaik-moduller polikristal-serisi\">\n\n<div class=\"product_item_holder\">\n\n\t\t\t<div class=\"featured_image\"> \n\t\t\t<!-- product image -->\n\t\t\t<div class=\"featured_image\"> \n\t\t\t\t<a href=\"http:\/\/www.tetraenerji.com.tr\/?products=tet-150-36p\" title=\"TET 150-36P\" rel=\"bookmark\" class=\"imgeffect link\"><img decoding=\"async\" src=\"http:\/\/www.tetraenerji.com.tr\/wp-content\/uploads\/2016\/10\/123-640x852.jpg\" alt=\"\" class=\"\" \/><\/a> \n\t\t\t<\/div> \n\t\t<\/div> \n\t\n\n\t\n\t\t\t\t\t\t\n\t\t<div class=\"product_info\">\n\n\t\t\t\t\t\t\t\t<!-- title-->\n\t\t\t\t<h5 class=\"clean_heading\"><a href=\"http:\/\/www.tetraenerji.com.tr\/?products=tet-150-36p\" title=\"TET 150-36P\" rel=\"bookmark\">TET 150-36P<\/a><\/h5>\n\t\t\t\t\n\t\t\t\t<!-- text-->\n\t\t\t\t\n\t\t\t\t<div class=\"product_info_footer clearfix\"><div class=\"action_buttons\"><a href=\"http:\/\/www.tetraenerji.com.tr\/?products=tet-150-36p\" title=\"TET 150-36P\" class=\"details icon-angle-right\">Details<\/a><\/div><\/div> \t\t\n\n\t\t<\/div>\n\t\t\n\n\t\n<\/div><\/div>\n<div class=\"col product_item_holder col-sm-6 isotope-item  fotovoltaik-moduller polikristal-serisi\">\n\n<div class=\"product_item_holder\">\n\n\t\t\t<div class=\"featured_image\"> \n\t\t\t<!-- product image -->\n\t\t\t<div class=\"featured_image\"> \n\t\t\t\t<a href=\"http:\/\/www.tetraenerji.com.tr\/?products=tet-100-24p\" title=\"TET 100-24P\" rel=\"bookmark\" class=\"imgeffect link\"><img decoding=\"async\" src=\"http:\/\/www.tetraenerji.com.tr\/wp-content\/uploads\/2016\/10\/1221-640x852.jpg\" alt=\"\" class=\"\" \/><\/a> \n\t\t\t<\/div> \n\t\t<\/div> \n\t\n\n\t\n\t\t\t\t\t\t\n\t\t<div class=\"product_info\">\n\n\t\t\t\t\t\t\t\t<!-- title-->\n\t\t\t\t<h5 class=\"clean_heading\"><a href=\"http:\/\/www.tetraenerji.com.tr\/?products=tet-100-24p\" title=\"TET 100-24P\" rel=\"bookmark\">TET 100-24P<\/a><\/h5>\n\t\t\t\t\n\t\t\t\t<!-- text-->\n\t\t\t\t\n\t\t\t\t<div class=\"product_info_footer clearfix\"><div class=\"action_buttons\"><a href=\"http:\/\/www.tetraenerji.com.tr\/?products=tet-100-24p\" title=\"TET 100-24P\" class=\"details icon-angle-right\">Details<\/a><\/div><\/div> \t\t\n\n\t\t<\/div>\n\t\t\n\n\t\n<\/div><\/div>\n<div class=\"col product_item_holder col-sm-6 isotope-item  fotovoltaik-moduller polikristal-serisi\">\n\n<div class=\"product_item_holder\">\n\n\t\t\t<div class=\"featured_image\"> \n\t\t\t<!-- product image -->\n\t\t\t<div class=\"featured_image\"> \n\t\t\t\t<a href=\"http:\/\/www.tetraenerji.com.tr\/?products=tet-20-6p\" title=\"TET 20-6P\" rel=\"bookmark\" class=\"imgeffect link\"><img decoding=\"async\" src=\"http:\/\/www.tetraenerji.com.tr\/wp-content\/uploads\/2016\/10\/120-640x852.jpg\" alt=\"\" class=\"\" \/><\/a> \n\t\t\t<\/div> \n\t\t<\/div> \n\t\n\n\t\n\t\t\t\t\t\t\n\t\t<div class=\"product_info\">\n\n\t\t\t\t\t\t\t\t<!-- title-->\n\t\t\t\t<h5 class=\"clean_heading\"><a href=\"http:\/\/www.tetraenerji.com.tr\/?products=tet-20-6p\" title=\"TET 20-6P\" rel=\"bookmark\">TET 20-6P<\/a><\/h5>\n\t\t\t\t\n\t\t\t\t<!-- text-->\n\t\t\t\t\n\t\t\t\t<div class=\"product_info_footer clearfix\"><div class=\"action_buttons\"><a href=\"http:\/\/www.tetraenerji.com.tr\/?products=tet-20-6p\" title=\"TET 20-6P\" class=\"details icon-angle-right\">Details<\/a><\/div><\/div> \t\t\n\n\t\t<\/div>\n\t\t\n\n\t\n<\/div><\/div>\n<div class=\"col product_item_holder col-sm-6 isotope-item  fotovoltaik-moduller monokristal-serisi\">\n\n<div class=\"product_item_holder\">\n\n\t\t\t<div class=\"featured_image\"> \n\t\t\t<!-- product image -->\n\t\t\t<div class=\"featured_image\"> \n\t\t\t\t<a href=\"http:\/\/www.tetraenerji.com.tr\/?products=tet-235-265-60m\" title=\"TET 235-265-60M\" rel=\"bookmark\" class=\"imgeffect link\"><img decoding=\"async\" src=\"http:\/\/www.tetraenerji.com.tr\/wp-content\/uploads\/2016\/10\/41-640x787.jpg\" alt=\"\" class=\"\" \/><\/a> \n\t\t\t<\/div> \n\t\t<\/div> \n\t\n\n\t\n\t\t\t\t\t\t\n\t\t<div class=\"product_info\">\n\n\t\t\t\t\t\t\t\t<!-- title-->\n\t\t\t\t<h5 class=\"clean_heading\"><a href=\"http:\/\/www.tetraenerji.com.tr\/?products=tet-235-265-60m\" title=\"TET 235-265-60M\" rel=\"bookmark\">TET 235-265-60M<\/a><\/h5>\n\t\t\t\t\n\t\t\t\t<!-- text-->\n\t\t\t\t\n\t\t\t\t<div class=\"product_info_footer clearfix\"><div class=\"action_buttons\"><a href=\"http:\/\/www.tetraenerji.com.tr\/?products=tet-235-265-60m\" title=\"TET 235-265-60M\" class=\"details icon-angle-right\">Details<\/a><\/div><\/div> \t\t\n\n\t\t<\/div>\n\t\t\n\n\t\n<\/div><\/div>\n<div class=\"col product_item_holder col-sm-6 isotope-item  fotovoltaik-moduller monokristal-serisi\">\n\n<div class=\"product_item_holder\">\n\n\t\t\t<div class=\"featured_image\"> \n\t\t\t<!-- product image -->\n\t\t\t<div class=\"featured_image\"> \n\t\t\t\t<a href=\"http:\/\/www.tetraenerji.com.tr\/?products=tet-75-100-36m\" title=\"TET 75-100-36M\" rel=\"bookmark\" class=\"imgeffect link\"><img decoding=\"async\" src=\"http:\/\/www.tetraenerji.com.tr\/wp-content\/uploads\/2016\/10\/31-640x787.jpg\" alt=\"\" class=\"\" \/><\/a> \n\t\t\t<\/div> \n\t\t<\/div> \n\t\n\n\t\n\t\t\t\t\t\t\n\t\t<div class=\"product_info\">\n\n\t\t\t\t\t\t\t\t<!-- title-->\n\t\t\t\t<h5 class=\"clean_heading\"><a href=\"http:\/\/www.tetraenerji.com.tr\/?products=tet-75-100-36m\" title=\"TET 75-100-36M\" rel=\"bookmark\">TET 75-100-36M<\/a><\/h5>\n\t\t\t\t\n\t\t\t\t<!-- text-->\n\t\t\t\t\n\t\t\t\t<div class=\"product_info_footer clearfix\"><div class=\"action_buttons\"><a href=\"http:\/\/www.tetraenerji.com.tr\/?products=tet-75-100-36m\" title=\"TET 75-100-36M\" class=\"details icon-angle-right\">Details<\/a><\/div><\/div> \t\t\n\n\t\t<\/div>\n\t\t\n\n\t\n<\/div><\/div>\n<\/div>\n<button href=\"#\" class=\"load_more button_ medium default aligncenter\" autocomplete=\"off\" data-atts=\"YToyMTp7czoyOiJpZCI7czoyNDoicHJvZHVjdC1keW5hbWljSUQtNDA3MzE2IjtzOjExOiJsaXN0X2xheW91dCI7czozOiIxLzIiO3M6MTI6ImxheW91dF9zdHlsZSI7czo3OiJtYXNvbnJ5IjtzOjEwOiJwYWdpbmF0aW9uIjtzOjQ6InRydWUiO3M6MTU6ImFqYXhfcGFnaW5hdGlvbiI7czo0OiJ0cnVlIjtzOjIxOiJmZWF0dXJlZF9pbWFnZV9yZXNpemUiO3M6NDoidHJ1ZSI7czoyNDoiZmVhdHVyZWRfaW1hZ2VfbWF4X3dpZHRoIjtzOjE6IjAiO3M6MjU6ImZlYXR1cmVkX2ltYWdlX21heF9oZWlnaHQiO3M6MToiMCI7czoxOToiZmVhdHVyZWRfaW1hZ2VfY3JvcCI7czo1OiJmYWxzZSI7czoxMjoibGlzdF9vcmRlcmJ5IjtzOjQ6ImRhdGUiO3M6MTA6Imxpc3Rfb3JkZXIiO3M6NDoiREVTQyI7czoxMzoiaXRlbV9wZXJfcGFnZSI7czoxOiI3IjtzOjEwOiJjYXRlZ29yaWVzIjtzOjI6IjI3IjtzOjQ6ImFqYXgiO3M6NToiZmFsc2UiO3M6NToicGFnZWQiO2k6MDtzOjk6IndwbWxfbGFuZyI7czowOiIiO3M6MjA6ImRpc3BsYXlfZGVzY3JpcHRpb25zIjtzOjQ6InRydWUiO3M6MTQ6ImRpc3BsYXlfdGl0bGVzIjtzOjQ6InRydWUiO3M6MTM6ImRpc3BsYXlfcHJpY2UiO3M6NDoidHJ1ZSI7czozOiJpZHMiO3M6MDoiIjtzOjc6InB1cnBvc2UiO3M6ODoicHJvZHVjdHMiO30=\" data-page_count=\"2\" data-current_page=\"1\" data-listid=\"product-dynamicID-407316\"><span class=\"icon-angle-double-down\"><\/span>LOAD MORE<\/button>[\/vc_column][\/vc_row]<\/p>\n","protected":false},"excerpt":{"rendered":"<p>[vc_row rt_row_background_width=&#8221;default&#8221; rt_row_style=&#8221;default-style&#8221; rt_row_borders=&#8221;&#8221; rt_row_paddings=&#8221;true&#8221; rt_bg_effect=&#8221;classic&#8221; rt_bg_image_repeat=&#8221;repeat&#8221; rt_bg_size=&#8221;cover&#8221; rt_bg_position=&#8221;right top&#8221; rt_bg_attachment=&#8221;scroll&#8221; rt_bg_video_format=&#8221;self-hosted&#8221; rt_padding_top=&#8221;0&#8243;][vc_column rt_wrp_col_paddings=&#8221;false&#8221; rt_border_top=&#8221;&#8221; rt_border_bottom=&#8221;&#8221; rt_border_left=&#8221;&#8221; rt_border_right=&#8221;&#8221; rt_border_top_mobile=&#8221;&#8221; rt_border_bottom_mobile=&#8221;&#8221; rt_border_left_mobile=&#8221;&#8221; rt_border_right_mobile=&#8221;&#8221; rt_bg_image_repeat=&#8221;repeat&#8221; rt_bg_size=&#8221;auto auto&#8221; rt_bg_position=&#8221;right top&#8221; rt_bg_attachment=&#8221;scroll&#8221; rt_padding_top=&#8221;0&#8243;][\/vc_column][\/vc_row]<\/p>\n","protected":false},"author":1,"featured_media":0,"parent":0,"menu_order":0,"comment_status":"closed","ping_status":"closed","template":"","meta":{"footnotes":""},"class_list":["post-2739","page","type-page","status-publish","hentry"],"jetpack_sharing_enabled":true,"_links":{"self":[{"href":"http:\/\/www.tetraenerji.com.tr\/index.php?rest_route=\/wp\/v2\/pages\/2739","targetHints":{"allow":["GET"]}}],"collection":[{"href":"http:\/\/www.tetraenerji.com.tr\/index.php?rest_route=\/wp\/v2\/pages"}],"about":[{"href":"http:\/\/www.tetraenerji.com.tr\/index.php?rest_route=\/wp\/v2\/types\/page"}],"author":[{"embeddable":true,"href":"http:\/\/www.tetraenerji.com.tr\/index.php?rest_route=\/wp\/v2\/users\/1"}],"replies":[{"embeddable":true,"href":"http:\/\/www.tetraenerji.com.tr\/index.php?rest_route=%2Fwp%2Fv2%2Fcomments&post=2739"}],"version-history":[{"count":4,"href":"http:\/\/www.tetraenerji.com.tr\/index.php?rest_route=\/wp\/v2\/pages\/2739\/revisions"}],"predecessor-version":[{"id":3325,"href":"http:\/\/www.tetraenerji.com.tr\/index.php?rest_route=\/wp\/v2\/pages\/2739\/revisions\/3325"}],"wp:attachment":[{"href":"http:\/\/www.tetraenerji.com.tr\/index.php?rest_route=%2Fwp%2Fv2%2Fmedia&parent=2739"}],"curies":[{"name":"wp","href":"https:\/\/api.w.org\/{rel}","templated":true}]}}