{"id":9,"date":"2015-02-02T04:30:57","date_gmt":"2015-02-02T02:30:57","guid":{"rendered":"http:\/\/rttheme19-rtthemes-com.rtthemes.com\/?page_id=9"},"modified":"2017-08-01T12:01:14","modified_gmt":"2017-08-01T09:01:14","slug":"hakkimizda","status":"publish","type":"page","link":"http:\/\/www.tetraenerji.com.tr\/?page_id=9","title":{"rendered":"HAKKIMIZDA"},"content":{"rendered":"<p>[vc_row rt_row_background_width=&#8221;fullwidth&#8221; rt_row_content_width=&#8221;default&#8221; rt_row_style=&#8221;default-style&#8221; rt_row_borders=&#8221;&#8221; rt_row_paddings=&#8221;true&#8221; rt_bg_image=&#8221;2892&#8243; rt_bg_effect=&#8221;parallax&#8221; rt_bg_parallax_effect=&#8221;3&#8243; rt_bg_image_repeat=&#8221;repeat&#8221; rt_bg_size=&#8221;cover&#8221; rt_bg_position=&#8221;right top&#8221; rt_bg_video_format=&#8221;self-hosted&#8221; rt_padding_top=&#8221;100&#8243; rt_padding_bottom=&#8221;140&#8243;][vc_column rt_wrp_col_paddings=&#8221;false&#8221; rt_border_top=&#8221;&#8221; rt_border_bottom=&#8221;&#8221; rt_border_left=&#8221;&#8221; rt_border_right=&#8221;&#8221; rt_border_top_mobile=&#8221;&#8221; rt_border_bottom_mobile=&#8221;&#8221; rt_border_left_mobile=&#8221;&#8221; rt_border_right_mobile=&#8221;&#8221; rt_bg_image_repeat=&#8221;repeat&#8221; rt_bg_size=&#8221;auto auto&#8221; rt_bg_position=&#8221;right top&#8221; rt_bg_attachment=&#8221;scroll&#8221;]<div class=\"rt_heading_wrapper style-4\">\n\t\t\t\t\t\t<h1 class=\"rt_heading  heading-font style-4\"  style=\"color:#f2c626;\">HAKKIMIZDA<\/h1>\n\t\t\t\t\t<\/div>[\/vc_column][\/vc_row][vc_row rt_row_background_width=&#8221;fullwidth&#8221; rt_row_content_width=&#8221;default&#8221; rt_row_style=&#8221;default-style&#8221; rt_row_borders=&#8221;bottom&#8221; rt_row_paddings=&#8221;true&#8221; rt_bg_effect=&#8221;classic&#8221; rt_bg_image_repeat=&#8221;repeat&#8221; rt_bg_size=&#8221;cover&#8221; rt_bg_position=&#8221;right top&#8221; rt_bg_attachment=&#8221;scroll&#8221; rt_bg_video_format=&#8221;self-hosted&#8221;][vc_column rt_wrp_col_paddings=&#8221;false&#8221; rt_border_top=&#8221;&#8221; rt_border_bottom=&#8221;&#8221; rt_border_left=&#8221;&#8221; rt_border_right=&#8221;&#8221; rt_border_top_mobile=&#8221;&#8221; rt_border_bottom_mobile=&#8221;&#8221; rt_border_left_mobile=&#8221;&#8221; rt_border_right_mobile=&#8221;&#8221; rt_bg_image_repeat=&#8221;repeat&#8221; rt_bg_size=&#8221;auto auto&#8221; rt_bg_position=&#8221;right top&#8221; rt_bg_attachment=&#8221;scroll&#8221;][vc_column_text]\u015eirketimiz 1998 y\u0131l\u0131nda MALATYA\u2019da kurulmu\u015ftur.<\/p>\n<p>Haberle\u015fme ve enerji sistemlerinin montaj,kurulum ve teknik servis hizmetlerini y\u00fcr\u00fctmektedir.\u00dclkemizde bu sekt\u00f6rlerde faaliyet g\u00f6steren oparat\u00f6rlerin b\u00f6lgesel \u00e7\u00f6z\u00fcm orta\u011f\u0131d\u0131r.<\/p>\n<p>Malatya 2.Organize Sanayindeki 16.000 m2\u2019lik alanda kurulu fabrikas\u0131nda FOTOVOLTA\u0130K SOLAR PANEL \u00fcretimine 2013 y\u0131l\u0131 sonlar\u0131nda ba\u015flam\u0131\u015f olup bu sekt\u00f6rde geli\u015fmeyi hedeflemektedir.<\/p>\n<p>OFF-ON GRID uygulamalar i\u00e7in ihtiyaca g\u00f6re yeni modeller geli\u015ftirmektedir.<\/p>\n<p>Gerek \u00fcr\u00fcn tedariklerinde, gerekse anahtar teslim projelerde g\u00fc\u00e7l\u00fc ve deneyimli kadrosuyla siz de\u011ferli m\u00fc\u015fterilerinin isteklerine geni\u015f \u00fcr\u00fcn yelpazesiyle ve \u00e7e\u015fitli uygulama \u015fekilleriyle hizmet vermektedir.<\/p>\n<p>Kaliteden \u00f6d\u00fcn vermeyen ve m\u00fc\u015fteri memnuniyetini birinci derecede misyon edinmi\u015f bir anlay\u0131\u015fla g\u00fcne\u015fin oldu\u011fu her yerde g\u00f6r\u00fc\u015fmek dile\u011fiyle.[\/vc_column_text][\/vc_column][\/vc_row][vc_row rt_row_background_width=&#8221;fullwidth&#8221; rt_row_content_width=&#8221;default&#8221; rt_row_style=&#8221;default-style&#8221; rt_row_borders=&#8221;&#8221; rt_grid=&#8221;true&#8221; rt_row_paddings=&#8221;true&#8221; rt_bg_effect=&#8221;classic&#8221; rt_bg_image_repeat=&#8221;repeat&#8221; rt_bg_size=&#8221;cover&#8221; rt_bg_position=&#8221;right top&#8221; rt_bg_attachment=&#8221;scroll&#8221; rt_bg_video_format=&#8221;self-hosted&#8221;][vc_column width=&#8221;1\/2&#8243; rt_wrp_col_paddings=&#8221;false&#8221; rt_border_top=&#8221;&#8221; rt_border_bottom=&#8221;&#8221; rt_border_left=&#8221;&#8221; rt_border_right=&#8221;&#8221; rt_border_top_mobile=&#8221;&#8221; rt_border_bottom_mobile=&#8221;&#8221; rt_border_left_mobile=&#8221;&#8221; rt_border_right_mobile=&#8221;&#8221; rt_bg_image_repeat=&#8221;repeat&#8221; rt_bg_size=&#8221;auto auto&#8221; rt_bg_position=&#8221;right top&#8221; rt_bg_attachment=&#8221;scroll&#8221;]<div class=\"rt_heading_wrapper style-1\">\n\t\t\t\t\t\t<h4 class=\"rt_heading  style-1\" >Hizmetlerimiz<\/h4>\n\t\t\t\t\t<\/div>[vc_accordion style=&#8221;icons&#8221; first_one_open=&#8221;&#8221;][vc_accordion_tab title=&#8221;\u00dcRET\u0130M&#8221; icon_name=&#8221;icon-pin&#8221;][\/vc_accordion_tab][vc_accordion_tab title=&#8221;TEDAR\u0130K&#8221; icon_name=&#8221;icon-pin&#8221;][\/vc_accordion_tab][vc_accordion_tab title=&#8221;KE\u015e\u0130F&#8221; icon_name=&#8221;icon-pin&#8221;][\/vc_accordion_tab][vc_accordion_tab title=&#8221;PLANLAMA&#8221; icon_name=&#8221;icon-pin&#8221;][\/vc_accordion_tab][vc_accordion_tab title=&#8221;PROJELEND\u0130RME&#8221; icon_name=&#8221;icon-pin&#8221;][\/vc_accordion_tab][vc_accordion_tab title=&#8221;F\u0130NANS&#8221; icon_name=&#8221;icon-pin&#8221;][\/vc_accordion_tab][vc_accordion_tab title=&#8221;YASAL BA\u015eVURU &amp;amp; TAK\u0130P DANI\u015eMANLI\u011eI&#8221; icon_name=&#8221;icon-pin&#8221;][\/vc_accordion_tab][vc_accordion_tab title=&#8221;UYGULAMA&#8221; icon_name=&#8221;icon-pin&#8221;][\/vc_accordion_tab][vc_accordion_tab title=&#8221;G\u00dcVENL\u0130K S\u0130STEMLER\u0130&#8221; icon_name=&#8221;icon-pin&#8221;][\/vc_accordion_tab][vc_accordion_tab title=&#8221;\u0130\u015e SONRASI TEKN\u0130K H\u0130ZMET VE BAKIM ANLA\u015eMASI&#8221; icon_name=&#8221;icon-pin&#8221;][\/vc_accordion_tab][vc_accordion_tab title=&#8221;\u015eEBEKEDEN BA\u011eIMSIZ S\u0130STEMLER (OFF-GRID SYSTEMS)&#8221; icon_name=&#8221;icon-pin&#8221;][\/vc_accordion_tab][vc_accordion_tab title=&#8221;G\u00dcNE\u015e ENERJ\u0130L\u0130 SULAMA S\u0130STEMLER\u0130&#8221; icon_name=&#8221;icon-pin&#8221;][\/vc_accordion_tab][vc_accordion_tab title=&#8221;LED AYDINLATMA S\u0130STEMLER\u0130&#8221; icon_name=&#8221;icon-pin&#8221;][\/vc_accordion_tab][vc_accordion_tab title=&#8221;G\u00dcNE\u015e ENERJ\u0130L\u0130 KAMERA S\u0130STEMLER\u0130&#8221; icon_name=&#8221;icon-pin&#8221;][\/vc_accordion_tab][\/vc_accordion][\/vc_column][vc_column width=&#8221;1\/2&#8243; rt_wrp_col_paddings=&#8221;false&#8221; rt_border_top=&#8221;&#8221; rt_border_bottom=&#8221;&#8221; rt_border_left=&#8221;&#8221; rt_border_right=&#8221;&#8221; rt_border_top_mobile=&#8221;&#8221; rt_border_bottom_mobile=&#8221;&#8221; rt_border_left_mobile=&#8221;&#8221; rt_border_right_mobile=&#8221;&#8221; rt_bg_image_repeat=&#8221;repeat&#8221; rt_bg_size=&#8221;auto auto&#8221; rt_bg_position=&#8221;right top&#8221; rt_bg_attachment=&#8221;scroll&#8221;]<div class=\"rt_heading_wrapper style-1\">\n\t\t\t\t\t\t<h4 class=\"rt_heading  style-1\" >SERT\u0130F\u0130KALARIMIZ<\/h4>\n\t\t\t\t\t<\/div>\t \n\t\t<div  class=\"with_icons style-1 \">\n\t\t\t \n\t\t<div  >\n\t\t<span class=\"icon-certificate icon\"><\/span><div class=\"list-content\"><p><a style=\"color: #000000;\" href=\"http:\/\/www.tetraenerji.com.tr\/tetra\/wp-content\/uploads\/2014\/12\/tetrace.pdf\" target=\"_blank\">CE Declaration<\/a><\/p>\n<\/div>\n\t\t<\/div>\n\t\t \n\t\t<div  >\n\t\t<span class=\"icon-certificate icon\"><\/span><div class=\"list-content\"><p><a style=\"color: #000000;\" href=\"http:\/\/www.tetraenerji.com.tr\/tetra\/wp-content\/uploads\/2017\/08\/TSE-HYB.pdf\" target=\"_blank\">SE Hizmet Yeterlilik Sertifikas\u0131<\/a><\/p>\n<\/div>\n\t\t<\/div>\n\t\t \n\t\t<div  >\n\t\t<span class=\"icon-certificate icon\"><\/span><div class=\"list-content\"><p><a style=\"color: #000000;\" href=\"http:\/\/www.tetraenerji.com.tr\/tetra\/wp-content\/uploads\/2014\/12\/tetra_marka_tescil_belgesi.pdf\" target=\"_blank\">Marka Tescil Belgesi<\/a><\/p>\n<\/div>\n\t\t<\/div>\n\t\t \n\t\t<div  >\n\t\t<span class=\"icon-certificate icon\"><\/span><div class=\"list-content\"><p><a style=\"color: #000000;\" href=\"http:\/\/www.tetraenerji.com.tr\/tetra\/wp-content\/uploads\/2014\/12\/tetra_sanayi_sicil_belgesi.pdf\" target=\"_blank\">Sanayi Sicil Belgesi<\/a><\/p>\n<\/div>\n\t\t<\/div>\n\t\t \n\t\t<div  >\n\t\t<span class=\"icon-certificate icon\"><\/span><div class=\"list-content\"><p><a style=\"color: #000000;\" href=\"http:\/\/www.tetraenerji.com.tr\/tetra\/wp-content\/uploads\/2017\/08\/TETRA-ymb.pdf\" target=\"_blank\">Yerli Mal\u0131 Belgesi<\/a><\/p>\n<\/div>\n\t\t<\/div>\n\t\t \n\t\t<div  >\n\t\t<span class=\"icon-certificate icon\"><\/span><div class=\"list-content\"><p><a style=\"color: #000000;\" href=\"http:\/\/www.tetraenerji.com.tr\/tetra\/wp-content\/uploads\/2017\/08\/Kapasite-Raporu.pdf\" target=\"_blank\">Kapasite Raporu Belgesi<\/a><\/p>\n<\/div>\n\t\t<\/div>\n\t\n\t\t<\/div>\n\t[\/vc_column][\/vc_row][vc_row rt_row_background_width=&#8221;fullwidth&#8221; rt_row_content_width=&#8221;default&#8221; rt_row_style=&#8221;default-style&#8221; rt_row_borders=&#8221;top,bottom&#8221; rt_row_paddings=&#8221;true&#8221; rt_bg_effect=&#8221;classic&#8221; rt_bg_image_repeat=&#8221;no-repeat&#8221; rt_bg_size=&#8221;cover&#8221; rt_bg_position=&#8221;right top&#8221; rt_bg_attachment=&#8221;fixed&#8221; rt_bg_video_format=&#8221;self-hosted&#8221; rt_padding_top=&#8221;60&#8243; rt_padding_bottom=&#8221;60&#8243;][vc_column rt_wrp_col_paddings=&#8221;false&#8221; rt_border_top=&#8221;&#8221; rt_border_bottom=&#8221;&#8221; rt_border_left=&#8221;&#8221; rt_border_right=&#8221;&#8221; rt_border_top_mobile=&#8221;&#8221; rt_border_bottom_mobile=&#8221;&#8221; rt_border_left_mobile=&#8221;&#8221; rt_border_right_mobile=&#8221;&#8221; rt_bg_image_repeat=&#8221;repeat&#8221; rt_bg_size=&#8221;auto auto&#8221; rt_bg_position=&#8221;right top&#8221; rt_bg_attachment=&#8221;scroll&#8221;]<div class=\"rt_heading_wrapper style-4\">\n\t\t\t\t\t\t<span class=\"punchline\">Ge\u00e7mi\u015ften Bug\u00fcne..<\/span><h4 class=\"rt_heading  with_punchline style-4\" >\u015e\u0130RKET TAR\u0130H\u0130<\/h4>\n\t\t\t\t\t<\/div>\t \n\t\t<section  class=\"timeline  \">\n\t\t\t \n\t\t<div  >\n\t\t\t \n\t\t<span class=\"event-date\">\n\t\t\t<span class=\"day\"><\/span>\n\t\t\t<span class=\"month\">Mart<\/span>\n\t\t\t<span class=\"year\">2016<\/span>\n\t\t<\/span>\n\t<div class=\"event-details\"><\/div>\n\t\t<\/div>\n\t\t \n\t\t<div  >\n\t\t\t \n\t\t<span class=\"event-date\">\n\t\t\t<span class=\"day\"><\/span>\n\t\t\t<span class=\"month\">Haziran<\/span>\n\t\t\t<span class=\"year\">2015<\/span>\n\t\t<\/span>\n\t<div class=\"event-details\"><\/div>\n\t\t<\/div>\n\t\t \n\t\t<div  >\n\t\t\t \n\t\t<span class=\"event-date\">\n\t\t\t<span class=\"day\"><\/span>\n\t\t\t<span class=\"month\">Ocak<\/span>\n\t\t\t<span class=\"year\">2015<\/span>\n\t\t<\/span>\n\t<div class=\"event-details\"><\/div>\n\t\t<\/div>\n\t\t \n\t\t<div  >\n\t\t\t \n\t\t<span class=\"event-date\">\n\t\t\t<span class=\"day\"><\/span>\n\t\t\t<span class=\"month\">May\u0131s<\/span>\n\t\t\t<span class=\"year\">2011<\/span>\n\t\t<\/span>\n\t<div class=\"event-details\"><\/div>\n\t\t<\/div>\n\t\t \n\t\t<div  >\n\t\t\t \n\t\t<span class=\"event-date\">\n\t\t\t<span class=\"day\"><\/span>\n\t\t\t<span class=\"month\">Ekim<\/span>\n\t\t\t<span class=\"year\">2010<\/span>\n\t\t<\/span>\n\t<div class=\"event-details\"><\/div>\n\t\t<\/div>\n\t\n\t\t<\/section>\n\t[\/vc_column][\/vc_row][vc_row rt_row_background_width=&#8221;default&#8221; rt_row_style=&#8221;default-style&#8221; rt_row_borders=&#8221;&#8221; rt_row_paddings=&#8221;true&#8221; rt_bg_effect=&#8221;classic&#8221; rt_bg_image_repeat=&#8221;repeat&#8221; rt_bg_size=&#8221;cover&#8221; rt_bg_position=&#8221;right top&#8221; rt_bg_attachment=&#8221;scroll&#8221; rt_bg_video_format=&#8221;self-hosted&#8221;][vc_column rt_wrp_col_paddings=&#8221;false&#8221; rt_border_top=&#8221;&#8221; rt_border_bottom=&#8221;&#8221; rt_border_left=&#8221;&#8221; rt_border_right=&#8221;&#8221; rt_border_top_mobile=&#8221;&#8221; rt_border_bottom_mobile=&#8221;&#8221; rt_border_left_mobile=&#8221;&#8221; rt_border_right_mobile=&#8221;&#8221; rt_bg_image_repeat=&#8221;repeat&#8221; rt_bg_size=&#8221;auto auto&#8221; rt_bg_position=&#8221;right top&#8221; rt_bg_attachment=&#8221;scroll&#8221;]<div class=\"rt_heading_wrapper \">\n\t\t\t\t\t\t<h1 class=\"rt_heading  \" >REFERANSLARIMIZ<\/h1>\n\t\t\t\t\t<\/div>[vc_gallery type=&#8221;flexslider_slide&#8221; interval=&#8221;3&#8243; images=&#8221;2898,2899,2900&#8243; img_size=&#8221;full&#8221; onclick=&#8221;&#8221;][vc_column_text]<\/p>\n<ul>\n<li class=\"first-child\">Tetra 20 KW GES<\/li>\n<li>Hekimhan 20 HP Sulama Projesi<\/li>\n<li class=\"last-child\">Alt Yap\u0131 Ta\u015f\u0131y\u0131c\u0131 Sistem Kurulumu<\/li>\n<\/ul>\n<p>[\/vc_column_text][\/vc_column][\/vc_row][vc_row rt_row_background_width=&#8221;fullwidth&#8221; rt_row_content_width=&#8221;default&#8221; rt_row_style=&#8221;light-style&#8221; rt_row_borders=&#8221;&#8221; rt_grid=&#8221;true&#8221; rt_row_paddings=&#8221;true&#8221; rt_bg_image=&#8221;2368&#8243; rt_bg_effect=&#8221;parallax&#8221; rt_bg_parallax_effect=&#8221;3&#8243; rt_bg_image_repeat=&#8221;no-repeat&#8221; rt_bg_size=&#8221;cover&#8221; rt_bg_position=&#8221;right top&#8221; rt_bg_video_format=&#8221;self-hosted&#8221; rt_padding_top=&#8221;100&#8243; rt_padding_bottom=&#8221;140&#8243;][vc_column width=&#8221;1\/4&#8243; rt_wrp_col_paddings=&#8221;false&#8221; rt_border_top=&#8221;&#8221; rt_border_bottom=&#8221;&#8221; rt_border_left=&#8221;&#8221; rt_border_right=&#8221;&#8221; rt_border_top_mobile=&#8221;&#8221; rt_border_bottom_mobile=&#8221;&#8221; rt_border_left_mobile=&#8221;&#8221; rt_border_right_mobile=&#8221;&#8221; rt_bg_image_repeat=&#8221;repeat&#8221; rt_bg_size=&#8221;auto auto&#8221; rt_bg_position=&#8221;right top&#8221; rt_bg_attachment=&#8221;scroll&#8221;]<div  class=\"rt_counter\"><span class=\"number\">174<\/span>PROJE<\/div>[\/vc_column][vc_column width=&#8221;1\/4&#8243; rt_wrp_col_paddings=&#8221;false&#8221; rt_border_top=&#8221;&#8221; rt_border_bottom=&#8221;&#8221; rt_border_left=&#8221;&#8221; rt_border_right=&#8221;&#8221; rt_border_top_mobile=&#8221;&#8221; rt_border_bottom_mobile=&#8221;&#8221; rt_border_left_mobile=&#8221;&#8221; rt_border_right_mobile=&#8221;&#8221; rt_bg_image_repeat=&#8221;repeat&#8221; rt_bg_size=&#8221;auto auto&#8221; rt_bg_position=&#8221;right top&#8221; rt_bg_attachment=&#8221;scroll&#8221;]<div  class=\"rt_counter\"><span class=\"number\">299<\/span>BAKIM H\u0130ZMET\u0130<\/div>[\/vc_column][vc_column width=&#8221;1\/4&#8243; rt_wrp_col_paddings=&#8221;false&#8221; rt_border_top=&#8221;&#8221; rt_border_bottom=&#8221;&#8221; rt_border_left=&#8221;&#8221; rt_border_right=&#8221;&#8221; rt_border_top_mobile=&#8221;&#8221; rt_border_bottom_mobile=&#8221;&#8221; rt_border_left_mobile=&#8221;&#8221; rt_border_right_mobile=&#8221;&#8221; rt_bg_image_repeat=&#8221;repeat&#8221; rt_bg_size=&#8221;auto auto&#8221; rt_bg_position=&#8221;right top&#8221; rt_bg_attachment=&#8221;scroll&#8221;]<div  class=\"rt_counter\"><span class=\"number\">150<\/span>ANLA\u015eMA<\/div>[\/vc_column][vc_column width=&#8221;1\/4&#8243; rt_wrp_col_paddings=&#8221;false&#8221; rt_border_top=&#8221;&#8221; rt_border_bottom=&#8221;&#8221; rt_border_left=&#8221;&#8221; rt_border_right=&#8221;&#8221; rt_border_top_mobile=&#8221;&#8221; rt_border_bottom_mobile=&#8221;&#8221; rt_border_left_mobile=&#8221;&#8221; rt_border_right_mobile=&#8221;&#8221; rt_bg_image_repeat=&#8221;repeat&#8221; rt_bg_size=&#8221;auto auto&#8221; rt_bg_position=&#8221;right top&#8221; rt_bg_attachment=&#8221;scroll&#8221;]<div  class=\"rt_counter\"><span class=\"number\">1100<\/span>YILLIK \u00dcRET\u0130M KAPAS\u0130TES\u0130<\/div>[\/vc_column][\/vc_row]<\/p>\n","protected":false},"excerpt":{"rendered":"<p>[vc_row rt_row_background_width=&#8221;fullwidth&#8221; rt_row_content_width=&#8221;default&#8221; rt_row_style=&#8221;default-style&#8221; rt_row_borders=&#8221;&#8221; rt_row_paddings=&#8221;true&#8221; rt_bg_image=&#8221;2892&#8243; rt_bg_effect=&#8221;parallax&#8221; rt_bg_parallax_effect=&#8221;3&#8243; rt_bg_image_repeat=&#8221;repeat&#8221; rt_bg_size=&#8221;cover&#8221; rt_bg_position=&#8221;right top&#8221; rt_bg_video_format=&#8221;self-hosted&#8221; rt_padding_top=&#8221;100&#8243; rt_padding_bottom=&#8221;140&#8243;][vc_column rt_wrp_col_paddings=&#8221;false&#8221; rt_border_top=&#8221;&#8221; rt_border_bottom=&#8221;&#8221; rt_border_left=&#8221;&#8221; rt_border_right=&#8221;&#8221; rt_border_top_mobile=&#8221;&#8221; rt_border_bottom_mobile=&#8221;&#8221; rt_border_left_mobile=&#8221;&#8221; rt_border_right_mobile=&#8221;&#8221; rt_bg_image_repeat=&#8221;repeat&#8221; rt_bg_size=&#8221;auto auto&#8221; rt_bg_position=&#8221;right top&#8221; rt_bg_attachment=&#8221;scroll&#8221;][\/vc_column][\/vc_row][vc_row rt_row_background_width=&#8221;fullwidth&#8221; rt_row_content_width=&#8221;default&#8221; rt_row_style=&#8221;default-style&#8221; rt_row_borders=&#8221;bottom&#8221; rt_row_paddings=&#8221;true&#8221; rt_bg_effect=&#8221;classic&#8221; rt_bg_image_repeat=&#8221;repeat&#8221; rt_bg_size=&#8221;cover&#8221; rt_bg_position=&#8221;right top&#8221; rt_bg_attachment=&#8221;scroll&#8221; rt_bg_video_format=&#8221;self-hosted&#8221;][vc_column rt_wrp_col_paddings=&#8221;false&#8221; rt_border_top=&#8221;&#8221; rt_border_bottom=&#8221;&#8221; rt_border_left=&#8221;&#8221; rt_border_right=&#8221;&#8221; rt_border_top_mobile=&#8221;&#8221; rt_border_bottom_mobile=&#8221;&#8221; rt_border_left_mobile=&#8221;&#8221; rt_border_right_mobile=&#8221;&#8221; rt_bg_image_repeat=&#8221;repeat&#8221; rt_bg_size=&#8221;auto auto&#8221; [&hellip;]<\/p>\n","protected":false},"author":1,"featured_media":0,"parent":0,"menu_order":0,"comment_status":"open","ping_status":"closed","template":"","meta":{"footnotes":""},"class_list":["post-9","page","type-page","status-publish","hentry"],"jetpack_sharing_enabled":true,"_links":{"self":[{"href":"http:\/\/www.tetraenerji.com.tr\/index.php?rest_route=\/wp\/v2\/pages\/9","targetHints":{"allow":["GET"]}}],"collection":[{"href":"http:\/\/www.tetraenerji.com.tr\/index.php?rest_route=\/wp\/v2\/pages"}],"about":[{"href":"http:\/\/www.tetraenerji.com.tr\/index.php?rest_route=\/wp\/v2\/types\/page"}],"author":[{"embeddable":true,"href":"http:\/\/www.tetraenerji.com.tr\/index.php?rest_route=\/wp\/v2\/users\/1"}],"replies":[{"embeddable":true,"href":"http:\/\/www.tetraenerji.com.tr\/index.php?rest_route=%2Fwp%2Fv2%2Fcomments&post=9"}],"version-history":[{"count":12,"href":"http:\/\/www.tetraenerji.com.tr\/index.php?rest_route=\/wp\/v2\/pages\/9\/revisions"}],"predecessor-version":[{"id":3344,"href":"http:\/\/www.tetraenerji.com.tr\/index.php?rest_route=\/wp\/v2\/pages\/9\/revisions\/3344"}],"wp:attachment":[{"href":"http:\/\/www.tetraenerji.com.tr\/index.php?rest_route=%2Fwp%2Fv2%2Fmedia&parent=9"}],"curies":[{"name":"wp","href":"https:\/\/api.w.org\/{rel}","templated":true}]}}